{"id":102737,"date":"2023-11-20T16:12:12","date_gmt":"2023-11-20T16:12:12","guid":{"rendered":"https:\/\/liganova.com\/sports\/"},"modified":"2024-12-20T14:41:53","modified_gmt":"2024-12-20T14:41:53","slug":"sports","status":"publish","type":"page","link":"https:\/\/liganova.com\/de\/sports\/","title":{"rendered":"SPORTS"},"content":{"rendered":"<div class=\"wpb-content-wrapper\"><p>[vc_row unlock_row_content=&#8220;yes&#8220; row_height_percent=&#8220;0&#8243; overlay_alpha=&#8220;50&#8243; gutter_size=&#8220;3&#8243; column_width_percent=&#8220;100&#8243; shift_y=&#8220;0&#8243; z_index=&#8220;1&#8243; medium_visibility=&#8220;yes&#8220; mobile_visibility=&#8220;yes&#8220; el_class=&#8220;sticky-header&#8220;][vc_column column_width_percent=&#8220;100&#8243; position_vertical=&#8220;middle&#8220; gutter_size=&#8220;3&#8243; overlay_alpha=&#8220;50&#8243; shift_x=&#8220;0&#8243; shift_y=&#8220;0&#8243; shift_y_down=&#8220;0&#8243; z_index=&#8220;0&#8243; medium_visibility=&#8220;yes&#8220; medium_width=&#8220;0&#8243; mobile_visibility=&#8220;yes&#8220; mobile_width=&#8220;0&#8243; width=&#8220;1\/6&#8243;][\/vc_column][vc_column column_width_percent=&#8220;100&#8243; position_vertical=&#8220;middle&#8220; align_horizontal=&#8220;align_center&#8220; gutter_size=&#8220;1&#8243; style=&#8220;light&#8220; overlay_alpha=&#8220;50&#8243; shift_x=&#8220;0&#8243; shift_y=&#8220;0&#8243; shift_y_down=&#8220;0&#8243; z_index=&#8220;0&#8243; medium_width=&#8220;0&#8243; mobile_width=&#8220;0&#8243; width=&#8220;4\/6&#8243;][vc_custom_heading text_font=&#8220;font-164739&#8243; text_size=&#8220;fontsize-141602&#8243; text_weight=&#8220;300&#8243; text_transform=&#8220;uppercase&#8220; el_class=&#8220;portfolio-heading&#8220; uncode_shortcode_id=&#8220;186955&#8243;]SPORTS[\/vc_custom_heading][\/vc_column][vc_column column_width_percent=&#8220;100&#8243; position_vertical=&#8220;middle&#8220; align_horizontal=&#8220;align_right&#8220; gutter_size=&#8220;3&#8243; overlay_alpha=&#8220;50&#8243; shift_x=&#8220;0&#8243; shift_y=&#8220;0&#8243; shift_y_down=&#8220;0&#8243; z_index=&#8220;0&#8243; medium_visibility=&#8220;yes&#8220; medium_width=&#8220;0&#8243; mobile_visibility=&#8220;yes&#8220; mobile_width=&#8220;0&#8243; width=&#8220;1\/6&#8243;][vc_column_text uncode_shortcode_id=&#8220;213636&#8243;]<a class=\"close-button\" href=\"https:\/\/liganova.com\/#industries\"><img decoding=\"async\" src=\"https:\/\/liganova.com\/wp-content\/uploads\/2019\/08\/icon-close-bl.svg\" alt=\"Close\" width=\"50\" \/><\/a>[\/vc_column_text][\/vc_column][\/vc_row][vc_row unlock_row_content=&#8220;yes&#8220; row_height_percent=&#8220;0&#8243; override_padding=&#8220;yes&#8220; h_padding=&#8220;2&#8243; top_padding=&#8220;1&#8243; bottom_padding=&#8220;2&#8243; overlay_alpha=&#8220;50&#8243; gutter_size=&#8220;3&#8243; column_width_percent=&#8220;100&#8243; shift_y=&#8220;0&#8243; z_index=&#8220;1&#8243; desktop_visibility=&#8220;yes&#8220; el_class=&#8220;inverted-device-order&#8220;][vc_column column_width_percent=&#8220;100&#8243; position_horizontal=&#8220;left&#8220; position_vertical=&#8220;middle&#8220; gutter_size=&#8220;1&#8243; style=&#8220;light&#8220; overlay_alpha=&#8220;50&#8243; shift_x=&#8220;0&#8243; shift_y=&#8220;0&#8243; shift_y_down=&#8220;0&#8243; z_index=&#8220;0&#8243; medium_width=&#8220;5&#8243; mobile_width=&#8220;0&#8243; width=&#8220;2\/3&#8243;][vc_empty_space empty_h=&#8220;2&#8243; mobile_visibility=&#8220;yes&#8220;][vc_custom_heading heading_semantic=&#8220;p&#8220; text_font=&#8220;font-164739&#8243; text_size=&#8220;fontsize-141602&#8243; text_weight=&#8220;300&#8243; text_transform=&#8220;uppercase&#8220; el_class=&#8220;portfolio-heading&#8220; uncode_shortcode_id=&#8220;883821&#8243;]SPORTS[\/vc_custom_heading][\/vc_column][vc_column column_width_percent=&#8220;100&#8243; position_horizontal=&#8220;right&#8220; position_vertical=&#8220;middle&#8220; align_horizontal=&#8220;align_right&#8220; gutter_size=&#8220;3&#8243; overlay_alpha=&#8220;50&#8243; shift_x=&#8220;0&#8243; shift_y=&#8220;0&#8243; shift_y_down=&#8220;0&#8243; z_index=&#8220;0&#8243; align_medium=&#8220;align_right_tablet&#8220; medium_width=&#8220;3&#8243; mobile_width=&#8220;0&#8243; width=&#8220;1\/3&#8243;][vc_column_text uncode_shortcode_id=&#8220;499247&#8243;]<a href=\"https:\/\/liganova.com\/#industries\"><br \/>\n<img decoding=\"async\" src=\"\/wp-content\/uploads\/2019\/08\/icon-close-bl.svg\" alt=\"Close\" width=\"25\" \/><br \/>\n<\/a>[\/vc_column_text][\/vc_column][\/vc_row][vc_row][vc_column width=&#8220;1\/1&#8243;][vc_single_image media=&#8220;102475&#8243; media_width_percent=&#8220;100&#8243; uncode_shortcode_id=&#8220;126805&#8243;][\/vc_column][\/vc_row][vc_row][vc_column column_width_percent=&#8220;100&#8243; gutter_size=&#8220;3&#8243; overlay_alpha=&#8220;50&#8243; shift_x=&#8220;0&#8243; shift_y=&#8220;0&#8243; shift_y_down=&#8220;0&#8243; z_index=&#8220;0&#8243; medium_width=&#8220;0&#8243; mobile_width=&#8220;0&#8243; width=&#8220;1\/1&#8243;][vc_custom_heading heading_semantic=&#8220;p&#8220; text_font=&#8220;font-164739&#8243; text_size=&#8220;fontsize-141602&#8243; text_weight=&#8220;300&#8243; text_transform=&#8220;uppercase&#8220; el_class=&#8220;portfolio-heading&#8220; uncode_shortcode_id=&#8220;881864&#8243;]NEXT-GEN SPORTS MARKETING[\/vc_custom_heading][vc_column_text uncode_shortcode_id=&#8220;128704&#8243;]Innerhalb unserer Unit SPORTS schaffen und gestalten wir die n\u00e4chste Generation von R\u00e4umen f\u00fcr die Sportmarketingbranche. [\/vc_column_text][\/vc_column][\/vc_row][vc_row][vc_column width=&#8220;1\/1&#8243;][vc_row_inner limit_content=&#8220;&#8220;][vc_column_inner column_width_use_pixel=&#8220;yes&#8220; align_horizontal=&#8220;align_center&#8220; gutter_size=&#8220;3&#8243; overlay_alpha=&#8220;50&#8243; shift_x=&#8220;0&#8243; shift_y=&#8220;0&#8243; shift_y_down=&#8220;0&#8243; z_index=&#8220;0&#8243; medium_width=&#8220;0&#8243; mobile_width=&#8220;0&#8243; width=&#8220;1\/1&#8243; column_width_pixel=&#8220;900&#8243; uncode_shortcode_id=&#8220;213623&#8243;][vc_custom_heading heading_semantic=&#8220;p&#8220; text_font=&#8220;font-164739&#8243; text_size=&#8220;fontsize-263856&#8243; text_weight=&#8220;300&#8243; el_class=&#8220;portfolio-heading&#8220; uncode_shortcode_id=&#8220;177388&#8243;]&#8220;Die wichtigsten Erfolgsfaktoren f\u00fcr Sportr\u00e4ume der n\u00e4chsten Generation sind Funktionalit\u00e4t, Erlebnis, Partizipation und Zeitgeist. Sie schaffen einen emotional aufgeladenen Raum, der Marken hilft, relevant zu bleiben&#8220;.[\/vc_custom_heading][\/vc_column_inner][\/vc_row_inner][vc_row_inner limit_content=&#8220;&#8220;][vc_column_inner width=&#8220;1\/2&#8243;][\/vc_column_inner][vc_column_inner column_width_percent=&#8220;98&#8243; gutter_size=&#8220;0&#8243; overlay_alpha=&#8220;50&#8243; shift_x=&#8220;0&#8243; shift_y=&#8220;0&#8243; shift_y_down=&#8220;0&#8243; z_index=&#8220;0&#8243; align_medium=&#8220;align_center_tablet&#8220; medium_width=&#8220;7&#8243; align_mobile=&#8220;align_center_mobile&#8220; mobile_width=&#8220;7&#8243; width=&#8220;1\/2&#8243; uncode_shortcode_id=&#8220;489426&#8243;][vc_column_text uncode_shortcode_id=&#8220;200691&#8243;]Sven M\u00fcller[\/vc_column_text][vc_custom_heading heading_semantic=&#8220;p&#8220; text_font=&#8220;font-175017&#8243; text_size=&#8220;fontsize-137643&#8243; text_weight=&#8220;300&#8243; text_space=&#8220;fontspace-143559&#8243; uncode_shortcode_id=&#8220;135789&#8243;]Head of Sports, LIGANOVA[\/vc_custom_heading][\/vc_column_inner][\/vc_row_inner][vc_empty_space empty_h=&#8220;2&#8243;][vc_row_inner row_inner_height_percent=&#8220;0&#8243; overlay_alpha=&#8220;50&#8243; gutter_size=&#8220;3&#8243; shift_y=&#8220;0&#8243; z_index=&#8220;0&#8243; inverted_device_order=&#8220;yes&#8220;][vc_column_inner column_width_percent=&#8220;100&#8243; gutter_size=&#8220;3&#8243; overlay_alpha=&#8220;50&#8243; shift_x=&#8220;0&#8243; shift_y=&#8220;0&#8243; shift_y_down=&#8220;0&#8243; z_index=&#8220;0&#8243; medium_width=&#8220;4&#8243; mobile_width=&#8220;0&#8243; width=&#8220;1\/1&#8243; uncode_shortcode_id=&#8220;156575&#8243;][vc_column_text uncode_shortcode_id=&#8220;987248&#8243;]LIGANOVA SPORTS bietet fundierte Erfahrung im Sportmarketing mit einer unvergleichlichen Mischung aus Kreativit\u00e4t, Design und Produktionskompetenz.[\/vc_column_text][\/vc_column_inner][\/vc_row_inner][\/vc_column][\/vc_row][vc_row][vc_column width=&#8220;1\/1&#8243;][vc_row_inner row_inner_height_percent=&#8220;0&#8243; overlay_alpha=&#8220;50&#8243; gutter_size=&#8220;3&#8243; shift_y=&#8220;0&#8243; z_index=&#8220;0&#8243;][vc_column_inner column_width_percent=&#8220;100&#8243; align_horizontal=&#8220;align_center&#8220; gutter_size=&#8220;3&#8243; overlay_alpha=&#8220;50&#8243; shift_x=&#8220;0&#8243; shift_y=&#8220;0&#8243; shift_y_down=&#8220;0&#8243; z_index=&#8220;0&#8243; medium_width=&#8220;0&#8243; mobile_width=&#8220;0&#8243; width=&#8220;1\/1&#8243;][vc_custom_heading heading_semantic=&#8220;p&#8220; text_font=&#8220;font-164739&#8243; text_size=&#8220;fontsize-141602&#8243; text_weight=&#8220;300&#8243; text_transform=&#8220;uppercase&#8220; el_class=&#8220;portfolio-heading&#8220; uncode_shortcode_id=&#8220;208868&#8243;]LIGANOVA SPORTS bietet Ihnen fundierte Erfahrungen im Sportmarketing mit einer unvergleichlichen Mischung aus Kreativit\u00e4t, Design und Produktionskompetenz.[\/vc_custom_heading][\/vc_column_inner][\/vc_row_inner][vc_empty_space empty_h=&#8220;2&#8243;][vc_row_inner][vc_column_inner column_width_percent=&#8220;100&#8243; gutter_size=&#8220;3&#8243; overlay_alpha=&#8220;50&#8243; shift_x=&#8220;0&#8243; shift_y=&#8220;0&#8243; shift_y_down=&#8220;0&#8243; z_index=&#8220;0&#8243; medium_width=&#8220;4&#8243; mobile_width=&#8220;0&#8243; width=&#8220;1\/2&#8243; uncode_shortcode_id=&#8220;175679&#8243;][vc_single_image media=&#8220;102482&#8243; media_width_percent=&#8220;90&#8243; media_ratio=&#8220;three-two&#8220; uncode_shortcode_id=&#8220;132580&#8243;][\/vc_column_inner][vc_column_inner column_width_percent=&#8220;100&#8243; gutter_size=&#8220;1&#8243; overlay_alpha=&#8220;50&#8243; shift_x=&#8220;0&#8243; shift_y=&#8220;0&#8243; shift_y_down=&#8220;0&#8243; z_index=&#8220;0&#8243; medium_width=&#8220;4&#8243; mobile_width=&#8220;0&#8243; width=&#8220;1\/2&#8243; uncode_shortcode_id=&#8220;960963&#8243;][vc_custom_heading heading_semantic=&#8220;p&#8220; text_font=&#8220;font-164739&#8243; text_size=&#8220;fontsize-141602&#8243; text_weight=&#8220;300&#8243; text_transform=&#8220;uppercase&#8220; el_class=&#8220;portfolio-heading&#8220; uncode_shortcode_id=&#8220;184121&#8243;]LIFESTYLE HOSPITALITY SPACES[\/vc_custom_heading][vc_empty_space empty_h=&#8220;0&#8243;][vc_custom_heading heading_semantic=&#8220;p&#8220; text_font=&#8220;font-175017&#8243; text_size=&#8220;fontsize-131472&#8243; text_weight=&#8220;300&#8243; text_height=&#8220;fontheight-109813&#8243; uncode_shortcode_id=&#8220;182353&#8243;]Bei Next-Gen Hospitality Spaces geht es nicht um mehr Champagner, sondern um mehr Experience und zus\u00e4tzliche Services, die Modern Luxury widerspiegeln.<br \/>\nWir glauben, dass frisches Design und st\u00e4ndiger Wandel zu neuen Kunden und mehr Umsatz und damit zu mehr Resonanz f\u00fchren werden.[\/vc_custom_heading][\/vc_column_inner][\/vc_row_inner][vc_empty_space empty_h=&#8220;2&#8243;][vc_row_inner row_inner_height_percent=&#8220;0&#8243; overlay_alpha=&#8220;50&#8243; gutter_size=&#8220;3&#8243; shift_y=&#8220;0&#8243; z_index=&#8220;0&#8243; inverted_device_order=&#8220;yes&#8220;][vc_column_inner column_width_percent=&#8220;100&#8243; gutter_size=&#8220;1&#8243; overlay_alpha=&#8220;50&#8243; shift_x=&#8220;0&#8243; shift_y=&#8220;0&#8243; shift_y_down=&#8220;0&#8243; z_index=&#8220;0&#8243; medium_width=&#8220;4&#8243; mobile_width=&#8220;0&#8243; width=&#8220;1\/2&#8243;][vc_custom_heading heading_semantic=&#8220;p&#8220; text_font=&#8220;font-164739&#8243; text_size=&#8220;fontsize-141602&#8243; text_weight=&#8220;300&#8243; text_transform=&#8220;uppercase&#8220; el_class=&#8220;portfolio-heading&#8220; uncode_shortcode_id=&#8220;746895&#8243;]BRAND SPACES[\/vc_custom_heading][vc_empty_space empty_h=&#8220;0&#8243;][vc_custom_heading heading_semantic=&#8220;p&#8220; text_font=&#8220;font-175017&#8243; text_size=&#8220;fontsize-131472&#8243; text_weight=&#8220;300&#8243; text_height=&#8220;fontheight-109813&#8243; uncode_shortcode_id=&#8220;160776&#8243;]Stadien und Veranstaltungsorte bieten unvergleichliche Markenerlebnisse und Spannung. Aber nur f\u00fcr eine sehr begrenzte Anzahl von Menschen und Spieltagen. Markenr\u00e4ume in St\u00e4dten hingegen k\u00f6nnen 365 Tage im Jahr mehr Menschen anziehen und den Rechteinhabern und ihren Sponsoren eine erhebliche Resonanz verschaffen. Es gibt eine Renaissance des physischen Markenraums. Und f\u00fcr die Sportbranche sind wir der Meinung, dass dies das ziemlich gro\u00df sein wird![\/vc_custom_heading][\/vc_column_inner][vc_column_inner column_width_percent=&#8220;100&#8243; align_horizontal=&#8220;align_right&#8220; gutter_size=&#8220;3&#8243; overlay_alpha=&#8220;50&#8243; shift_x=&#8220;0&#8243; shift_y=&#8220;0&#8243; shift_y_down=&#8220;0&#8243; z_index=&#8220;0&#8243; medium_width=&#8220;4&#8243; mobile_width=&#8220;0&#8243; width=&#8220;1\/2&#8243; uncode_shortcode_id=&#8220;146457&#8243;][vc_single_image media=&#8220;102484&#8243; media_width_percent=&#8220;90&#8243; media_ratio=&#8220;three-two&#8220; alignment=&#8220;right&#8220; uncode_shortcode_id=&#8220;177238&#8243;][\/vc_column_inner][\/vc_row_inner][vc_empty_space empty_h=&#8220;2&#8243;][vc_row_inner][vc_column_inner column_width_percent=&#8220;100&#8243; gutter_size=&#8220;3&#8243; overlay_alpha=&#8220;50&#8243; shift_x=&#8220;0&#8243; shift_y=&#8220;0&#8243; shift_y_down=&#8220;0&#8243; z_index=&#8220;0&#8243; medium_width=&#8220;4&#8243; mobile_width=&#8220;0&#8243; width=&#8220;1\/2&#8243; uncode_shortcode_id=&#8220;125913&#8243;][vc_single_image media=&#8220;102488&#8243; media_width_percent=&#8220;90&#8243; media_ratio=&#8220;three-two&#8220; uncode_shortcode_id=&#8220;145063&#8243;][\/vc_column_inner][vc_column_inner column_width_percent=&#8220;100&#8243; gutter_size=&#8220;1&#8243; overlay_alpha=&#8220;50&#8243; shift_x=&#8220;0&#8243; shift_y=&#8220;0&#8243; shift_y_down=&#8220;0&#8243; z_index=&#8220;0&#8243; medium_width=&#8220;4&#8243; mobile_width=&#8220;0&#8243; width=&#8220;1\/2&#8243;][vc_custom_heading heading_semantic=&#8220;p&#8220; text_font=&#8220;font-164739&#8243; text_size=&#8220;fontsize-141602&#8243; text_weight=&#8220;300&#8243; text_transform=&#8220;uppercase&#8220; el_class=&#8220;portfolio-heading&#8220; uncode_shortcode_id=&#8220;470872&#8243;]FUNCTIONAL SPACES[\/vc_custom_heading][vc_empty_space empty_h=&#8220;0&#8243;][vc_custom_heading heading_semantic=&#8220;p&#8220; text_font=&#8220;font-175017&#8243; text_size=&#8220;fontsize-131472&#8243; text_weight=&#8220;300&#8243; text_height=&#8220;fontheight-109813&#8243; uncode_shortcode_id=&#8220;182686&#8243;]Next-Gen Functional Spaces erm\u00f6glichen es Sportlern und Fans nicht nur, sich besser vorzubereiten, zu konzentrieren oder zu erholen. Sie f\u00f6rdern auch die Identifikation und den Teamgeist und reflektieren die Marke und die Sponsoren, f\u00fcr die sie antreten. In diesem Fall ist mehr Resonanz der Schl\u00fcssel zum Erfolg &#8211; auf dem Spielfeld und am Point of Sale.[\/vc_custom_heading][\/vc_column_inner][\/vc_row_inner][vc_empty_space empty_h=&#8220;2&#8243;][vc_row_inner row_inner_height_percent=&#8220;0&#8243; overlay_alpha=&#8220;50&#8243; gutter_size=&#8220;3&#8243; shift_y=&#8220;0&#8243; z_index=&#8220;0&#8243; inverted_device_order=&#8220;yes&#8220;][vc_column_inner column_width_percent=&#8220;100&#8243; gutter_size=&#8220;1&#8243; overlay_alpha=&#8220;50&#8243; shift_x=&#8220;0&#8243; shift_y=&#8220;0&#8243; shift_y_down=&#8220;0&#8243; z_index=&#8220;0&#8243; medium_width=&#8220;4&#8243; mobile_width=&#8220;0&#8243; width=&#8220;1\/2&#8243;][vc_custom_heading heading_semantic=&#8220;p&#8220; text_font=&#8220;font-164739&#8243; text_size=&#8220;fontsize-141602&#8243; text_weight=&#8220;300&#8243; text_transform=&#8220;uppercase&#8220; el_class=&#8220;portfolio-heading&#8220; uncode_shortcode_id=&#8220;757077&#8243;]ADD ON SERVICES[\/vc_custom_heading][vc_empty_space empty_h=&#8220;0&#8243;][vc_custom_heading heading_semantic=&#8220;p&#8220; text_font=&#8220;font-175017&#8243; text_size=&#8220;fontsize-131472&#8243; text_weight=&#8220;300&#8243; text_height=&#8220;fontheight-109813&#8243; uncode_shortcode_id=&#8220;567094&#8243;]R\u00e4ume brauchen st\u00e4ndige Ver\u00e4nderung, Impulse und mehrere Ebenen von Service und Technik. Hier setzen unsere Add-on-Services an. Alles, was es braucht, um Resonanz entlang der gesamten Customer Journey zu erzeugen:[\/vc_custom_heading][\/vc_column_inner][vc_column_inner column_width_percent=&#8220;100&#8243; align_horizontal=&#8220;align_right&#8220; gutter_size=&#8220;3&#8243; overlay_alpha=&#8220;50&#8243; shift_x=&#8220;0&#8243; shift_y=&#8220;0&#8243; shift_y_down=&#8220;0&#8243; z_index=&#8220;0&#8243; medium_width=&#8220;4&#8243; mobile_width=&#8220;0&#8243; width=&#8220;1\/2&#8243; uncode_shortcode_id=&#8220;602018&#8243;][vc_single_image media=&#8220;102486&#8243; media_width_percent=&#8220;90&#8243; media_ratio=&#8220;three-two&#8220; alignment=&#8220;right&#8220; uncode_shortcode_id=&#8220;852531&#8243;][\/vc_column_inner][\/vc_row_inner][vc_empty_space empty_h=&#8220;2&#8243;][vc_empty_space empty_h=&#8220;2&#8243;][\/vc_column][\/vc_row][vc_row][vc_column width=&#8220;1\/1&#8243;][vc_row_inner limit_content=&#8220;&#8220;][vc_column_inner column_width_use_pixel=&#8220;yes&#8220; align_horizontal=&#8220;align_center&#8220; gutter_size=&#8220;3&#8243; overlay_alpha=&#8220;50&#8243; shift_x=&#8220;0&#8243; shift_y=&#8220;0&#8243; shift_y_down=&#8220;0&#8243; z_index=&#8220;0&#8243; medium_width=&#8220;0&#8243; mobile_width=&#8220;0&#8243; width=&#8220;1\/1&#8243; column_width_pixel=&#8220;750&#8243;][vc_custom_heading text_font=&#8220;font-164739&#8243; text_size=&#8220;fontsize-263856&#8243; text_weight=&#8220;300&#8243; el_class=&#8220;portfolio-heading&#8220; uncode_shortcode_id=&#8220;197762&#8243;]Ready to get started?<br \/>\nVereinbaren Sie einen pers\u00f6nlichen Termin mit uns.<br \/>\n[\/vc_custom_heading][vc_empty_space empty_h=&#8220;2&#8243;][vc_button radius=&#8220;btn-square&#8220; border_animation=&#8220;btn-ripple-out&#8220; hover_fx=&#8220;outlined&#8220; outline=&#8220;yes&#8220; custom_typo=&#8220;yes&#8220; font_family=&#8220;font-175017&#8243; font_weight=&#8220;300&#8243; letter_spacing=&#8220;fontspace-143559&#8243; border_width=&#8220;0&#8243; display=&#8220;inline&#8220; link=&#8220;url:mailto%3A%20info%40liganova-sports.com%20|title:EXSO|target:_blank|&#8220; uncode_shortcode_id=&#8220;397149&#8243;]Say Hi![\/vc_button][\/vc_column_inner][\/vc_row_inner][vc_empty_space empty_h=&#8220;2&#8243;][vc_empty_space empty_h=&#8220;2&#8243;][vc_empty_space empty_h=&#8220;2&#8243;][\/vc_column][\/vc_row][vc_row][vc_column width=&#8220;1\/1&#8243;][uncode_block id=&#8220;102716&#8243;][\/vc_column][\/vc_row]<\/p>\n<\/div>","protected":false},"excerpt":{"rendered":"<p>[vc_row unlock_row_content=&#8220;yes&#8220; row_height_percent=&#8220;0&#8243; overlay_alpha=&#8220;50&#8243; gutter_size=&#8220;3&#8243; column_width_percent=&#8220;100&#8243; shift_y=&#8220;0&#8243; z_index=&#8220;1&#8243; medium_visibility=&#8220;yes&#8220; mobile_visibility=&#8220;yes&#8220; el_class=&#8220;sticky-header&#8220;][vc_column column_width_percent=&#8220;100&#8243; position_vertical=&#8220;middle&#8220; gutter_size=&#8220;3&#8243; overlay_alpha=&#8220;50&#8243; shift_x=&#8220;0&#8243; shift_y=&#8220;0&#8243; shift_y_down=&#8220;0&#8243; z_index=&#8220;0&#8243; medium_visibility=&#8220;yes&#8220; [&hellip;]<\/p>\n","protected":false},"author":13,"featured_media":0,"parent":0,"menu_order":0,"comment_status":"closed","ping_status":"closed","template":"","meta":{"om_disable_all_campaigns":false,"footnotes":""},"class_list":["post-102737","page","type-page","status-publish","hentry"],"_links":{"self":[{"href":"https:\/\/liganova.com\/de\/wp-json\/wp\/v2\/pages\/102737","targetHints":{"allow":["GET"]}}],"collection":[{"href":"https:\/\/liganova.com\/de\/wp-json\/wp\/v2\/pages"}],"about":[{"href":"https:\/\/liganova.com\/de\/wp-json\/wp\/v2\/types\/page"}],"author":[{"embeddable":true,"href":"https:\/\/liganova.com\/de\/wp-json\/wp\/v2\/users\/13"}],"replies":[{"embeddable":true,"href":"https:\/\/liganova.com\/de\/wp-json\/wp\/v2\/comments?post=102737"}],"version-history":[{"count":5,"href":"https:\/\/liganova.com\/de\/wp-json\/wp\/v2\/pages\/102737\/revisions"}],"predecessor-version":[{"id":132204,"href":"https:\/\/liganova.com\/de\/wp-json\/wp\/v2\/pages\/102737\/revisions\/132204"}],"wp:attachment":[{"href":"https:\/\/liganova.com\/de\/wp-json\/wp\/v2\/media?parent=102737"}],"curies":[{"name":"wp","href":"https:\/\/api.w.org\/{rel}","templated":true}]}}