{"id":132200,"date":"2024-12-20T14:39:25","date_gmt":"2024-12-20T14:39:25","guid":{"rendered":"https:\/\/liganova.com\/green-gen\/"},"modified":"2025-01-10T09:59:36","modified_gmt":"2025-01-10T09:59:36","slug":"green-gen","status":"publish","type":"page","link":"https:\/\/liganova.com\/de\/green-gen\/","title":{"rendered":"Green Gen"},"content":{"rendered":"<div class=\"wpb-content-wrapper\"><p>[vc_row unlock_row_content=&#8220;yes&#8220; row_height_percent=&#8220;0&#8243; overlay_alpha=&#8220;50&#8243; gutter_size=&#8220;3&#8243; column_width_percent=&#8220;100&#8243; shift_y=&#8220;0&#8243; z_index=&#8220;1&#8243; medium_visibility=&#8220;yes&#8220; mobile_visibility=&#8220;yes&#8220; el_class=&#8220;sticky-header&#8220;][vc_column column_width_percent=&#8220;100&#8243; position_vertical=&#8220;middle&#8220; gutter_size=&#8220;3&#8243; overlay_alpha=&#8220;50&#8243; shift_x=&#8220;0&#8243; shift_y=&#8220;0&#8243; shift_y_down=&#8220;0&#8243; z_index=&#8220;0&#8243; medium_visibility=&#8220;yes&#8220; medium_width=&#8220;0&#8243; mobile_visibility=&#8220;yes&#8220; mobile_width=&#8220;0&#8243; width=&#8220;1\/6&#8243;][\/vc_column][vc_column column_width_percent=&#8220;100&#8243; position_vertical=&#8220;middle&#8220; align_horizontal=&#8220;align_center&#8220; gutter_size=&#8220;1&#8243; style=&#8220;light&#8220; overlay_alpha=&#8220;50&#8243; shift_x=&#8220;0&#8243; shift_y=&#8220;0&#8243; shift_y_down=&#8220;0&#8243; z_index=&#8220;0&#8243; medium_width=&#8220;0&#8243; mobile_width=&#8220;0&#8243; width=&#8220;4\/6&#8243;][vc_custom_heading text_font=&#8220;font-164739&#8243; text_size=&#8220;fontsize-141602&#8243; text_weight=&#8220;300&#8243; text_transform=&#8220;uppercase&#8220; el_class=&#8220;portfolio-heading&#8220; uncode_shortcode_id=&#8220;125142&#8243;]GREEN GEN[\/vc_custom_heading][vc_custom_heading heading_semantic=&#8220;h1&#8243; text_font=&#8220;font-175017&#8243; text_size=&#8220;fontsize-137643&#8243; text_weight=&#8220;300&#8243; text_space=&#8220;fontspace-143559&#8243; uncode_shortcode_id=&#8220;372796&#8243;]&amp; Sustainable Transformation[\/vc_custom_heading][\/vc_column][vc_column column_width_percent=&#8220;100&#8243; position_vertical=&#8220;middle&#8220; align_horizontal=&#8220;align_right&#8220; gutter_size=&#8220;3&#8243; overlay_alpha=&#8220;50&#8243; shift_x=&#8220;0&#8243; shift_y=&#8220;0&#8243; shift_y_down=&#8220;0&#8243; z_index=&#8220;0&#8243; medium_visibility=&#8220;yes&#8220; medium_width=&#8220;0&#8243; mobile_visibility=&#8220;yes&#8220; mobile_width=&#8220;0&#8243; width=&#8220;1\/6&#8243;][vc_column_text uncode_shortcode_id=&#8220;500522&#8243;]<a class=\"close-button\" href=\"https:\/\/liganova.com\/de\/#what-we-de\"><br \/>\n<img decoding=\"async\" src=\"https:\/\/liganova.com\/wp-content\/uploads\/2019\/08\/icon-close-bl.svg\" alt=\"Close\" width=\"50\" \/><br \/>\n<\/a>[\/vc_column_text][\/vc_column][\/vc_row][vc_row unlock_row_content=&#8220;yes&#8220; row_height_percent=&#8220;0&#8243; override_padding=&#8220;yes&#8220; h_padding=&#8220;2&#8243; top_padding=&#8220;1&#8243; bottom_padding=&#8220;2&#8243; overlay_alpha=&#8220;50&#8243; gutter_size=&#8220;3&#8243; column_width_percent=&#8220;100&#8243; shift_y=&#8220;0&#8243; z_index=&#8220;1&#8243; desktop_visibility=&#8220;yes&#8220; el_class=&#8220;inverted-device-order&#8220;][vc_column column_width_percent=&#8220;100&#8243; position_horizontal=&#8220;left&#8220; position_vertical=&#8220;middle&#8220; gutter_size=&#8220;1&#8243; style=&#8220;light&#8220; overlay_alpha=&#8220;50&#8243; shift_x=&#8220;0&#8243; shift_y=&#8220;0&#8243; shift_y_down=&#8220;0&#8243; z_index=&#8220;0&#8243; medium_width=&#8220;5&#8243; mobile_width=&#8220;0&#8243; width=&#8220;2\/3&#8243;][vc_empty_space empty_h=&#8220;2&#8243;][vc_custom_heading text_font=&#8220;font-164739&#8243; text_size=&#8220;fontsize-141602&#8243; text_weight=&#8220;300&#8243; text_transform=&#8220;uppercase&#8220; el_class=&#8220;portfolio-heading&#8220; uncode_shortcode_id=&#8220;128335&#8243;]GREEN GEN[\/vc_custom_heading][vc_custom_heading heading_semantic=&#8220;h1&#8243; text_font=&#8220;font-175017&#8243; text_size=&#8220;fontsize-137643&#8243; text_weight=&#8220;300&#8243; text_space=&#8220;fontspace-143559&#8243; uncode_shortcode_id=&#8220;167659&#8243;]&amp; Sustainable Transformation[\/vc_custom_heading][\/vc_column][vc_column column_width_percent=&#8220;100&#8243; position_horizontal=&#8220;right&#8220; position_vertical=&#8220;middle&#8220; align_horizontal=&#8220;align_right&#8220; gutter_size=&#8220;3&#8243; overlay_alpha=&#8220;50&#8243; shift_x=&#8220;0&#8243; shift_y=&#8220;0&#8243; shift_y_down=&#8220;0&#8243; z_index=&#8220;0&#8243; align_medium=&#8220;align_right_tablet&#8220; medium_width=&#8220;3&#8243; mobile_width=&#8220;0&#8243; width=&#8220;1\/3&#8243;][vc_column_text uncode_shortcode_id=&#8220;193767&#8243;]<a href=\"https:\/\/liganova.com\/de\/#what-we-do\"><br \/>\n<img decoding=\"async\" src=\"\/wp-content\/uploads\/2019\/08\/icon-close-bl.svg\" alt=\"Close\" width=\"25\" \/><br \/>\n<\/a>[\/vc_column_text][\/vc_column][\/vc_row][vc_row row_height_percent=&#8220;0&#8243; override_padding=&#8220;yes&#8220; h_padding=&#8220;0&#8243; top_padding=&#8220;2&#8243; bottom_padding=&#8220;2&#8243; overlay_alpha=&#8220;50&#8243; gutter_size=&#8220;3&#8243; column_width_percent=&#8220;100&#8243; shift_y=&#8220;0&#8243; z_index=&#8220;0&#8243; content_parallax=&#8220;0&#8243; uncode_shortcode_id=&#8220;679036&#8243;][vc_column column_width_use_pixel=&#8220;yes&#8220; align_horizontal=&#8220;align_center&#8220; gutter_size=&#8220;5&#8243; overlay_alpha=&#8220;50&#8243; shift_x=&#8220;0&#8243; shift_y=&#8220;0&#8243; shift_y_down=&#8220;0&#8243; z_index=&#8220;0&#8243; medium_width=&#8220;0&#8243; mobile_width=&#8220;0&#8243; width=&#8220;1\/1&#8243; column_width_pixel=&#8220;1200&#8243;][vc_single_image media=&#8220;131646&#8243; media_width_percent=&#8220;100&#8243; uncode_shortcode_id=&#8220;154768&#8243;][vc_empty_space empty_h=&#8220;2&#8243;][\/vc_column][\/vc_row][vc_row row_height_percent=&#8220;0&#8243; overlay_alpha=&#8220;50&#8243; gutter_size=&#8220;3&#8243; column_width_percent=&#8220;100&#8243; shift_y=&#8220;0&#8243; z_index=&#8220;0&#8243; content_parallax=&#8220;0&#8243; uncode_shortcode_id=&#8220;130379&#8243;][vc_column width=&#8220;1\/1&#8243;][vc_custom_heading heading_semantic=&#8220;h3&#8243; text_font=&#8220;font-164739&#8243; text_size=&#8220;fontsize-141602&#8243; text_weight=&#8220;300&#8243; text_transform=&#8220;uppercase&#8220; el_class=&#8220;portfolio-heading&#8220; uncode_shortcode_id=&#8220;827337&#8243;]Green Gen &amp; Sustainable Transformation[\/vc_custom_heading][vc_column_text uncode_shortcode_id=&#8220;243679&#8243;]Mit unserem Label Green Gen\u00ae erm\u00f6glichen wir eine ganzheitliche Transformation mit innovativen Kreislaufl\u00f6sungen f\u00fcr R\u00e4ume, Kampagnen und Events. <\/p>\n<p>Wir konzentrieren uns auf die Entwicklung von \u00d6kodesign-Prinzipien und pflegen eine umfangreiche Datenbank mit modernsten nachhaltigen Materialien. Dar\u00fcber hinaus verfolgen wir nahtlos die Kohlenstoffemissionen eines Projektes und verf\u00fcgen wir \u00fcber das Know-how und die Infrastruktur f\u00fcr die zirkul\u00e4re Produktion innerhalb unserer Prozesse.[\/vc_column_text][\/vc_column][\/vc_row][vc_row row_height_percent=&#8220;0&#8243; override_padding=&#8220;yes&#8220; h_padding=&#8220;2&#8243; top_padding=&#8220;3&#8243; bottom_padding=&#8220;3&#8243; overlay_alpha=&#8220;50&#8243; gutter_size=&#8220;3&#8243; column_width_percent=&#8220;100&#8243; shift_y=&#8220;0&#8243; z_index=&#8220;0&#8243; content_parallax=&#8220;0&#8243; uncode_shortcode_id=&#8220;154120&#8243;][vc_column][vc_row_inner row_inner_height_percent=&#8220;0&#8243; overlay_alpha=&#8220;50&#8243; gutter_size=&#8220;3&#8243; shift_y=&#8220;0&#8243; z_index=&#8220;0&#8243; inverted_device_order=&#8220;yes&#8220; limit_content=&#8220;&#8220;][vc_column_inner column_width_percent=&#8220;100&#8243; gutter_size=&#8220;3&#8243; overlay_alpha=&#8220;50&#8243; shift_x=&#8220;0&#8243; shift_y=&#8220;0&#8243; shift_y_down=&#8220;0&#8243; z_index=&#8220;0&#8243; medium_width=&#8220;4&#8243; mobile_width=&#8220;0&#8243; width=&#8220;1\/2&#8243;][vc_single_image media=&#8220;131651&#8243; media_width_percent=&#8220;90&#8243; media_ratio=&#8220;three-two&#8220; uncode_shortcode_id=&#8220;212997&#8243;][\/vc_column_inner][vc_column_inner column_width_percent=&#8220;100&#8243; gutter_size=&#8220;2&#8243; overlay_alpha=&#8220;50&#8243; shift_x=&#8220;0&#8243; shift_y=&#8220;0&#8243; shift_y_down=&#8220;0&#8243; z_index=&#8220;0&#8243; medium_width=&#8220;4&#8243; mobile_width=&#8220;0&#8243; width=&#8220;1\/2&#8243; uncode_shortcode_id=&#8220;222743&#8243;][vc_custom_heading text_font=&#8220;font-164739&#8243; text_size=&#8220;fontsize-141602&#8243; text_weight=&#8220;300&#8243; text_transform=&#8220;uppercase&#8220; el_class=&#8220;portfolio-heading&#8220; uncode_shortcode_id=&#8220;173301&#8243;]Spaces[\/vc_custom_heading][vc_custom_heading heading_semantic=&#8220;p&#8220; text_font=&#8220;font-175017&#8243; text_size=&#8220;fontsize-131472&#8243; text_weight=&#8220;300&#8243; text_height=&#8220;fontheight-109813&#8243; uncode_shortcode_id=&#8220;172217&#8243;]Brand Spaces sind die entscheidende Schnittstelle zwischen der Marke und dem Verbraucher. In dieser neuen Welt muss jeder Aspekt eines Markenraums nachhaltig gestaltet werden.[\/vc_custom_heading][vc_custom_heading heading_semantic=&#8220;p&#8220; text_font=&#8220;font-175017&#8243; text_size=&#8220;fontsize-131472&#8243; text_weight=&#8220;300&#8243; text_height=&#8220;fontheight-109813&#8243; uncode_shortcode_id=&#8220;117868&#8243;]LIGANOVA schafft herausragende, nachhaltige und integrative R\u00e4ume mit einem reduzierten CO2-Fu\u00dfabdruck bei gleichzeitiger Gew\u00e4hrleistung der Rentabilit\u00e4t. Unsere Tools und Ma\u00dfnahmen basieren auf dem DGNB-System (unter Ber\u00fccksichtigung \u00f6kologischer, \u00f6konomischer und soziokultureller Aspekte) und optimieren die gesamte Wertsch\u00f6pfungskette.[\/vc_custom_heading][\/vc_column_inner][\/vc_row_inner][vc_empty_space empty_h=&#8220;2&#8243;][vc_row_inner row_inner_height_percent=&#8220;0&#8243; overlay_alpha=&#8220;50&#8243; gutter_size=&#8220;3&#8243; shift_y=&#8220;0&#8243; z_index=&#8220;0&#8243; limit_content=&#8220;&#8220;][vc_column_inner column_width_percent=&#8220;100&#8243; gutter_size=&#8220;2&#8243; overlay_alpha=&#8220;50&#8243; shift_x=&#8220;0&#8243; shift_y=&#8220;0&#8243; shift_y_down=&#8220;0&#8243; z_index=&#8220;0&#8243; medium_width=&#8220;4&#8243; mobile_width=&#8220;0&#8243; width=&#8220;1\/2&#8243; uncode_shortcode_id=&#8220;546774&#8243;][vc_custom_heading text_font=&#8220;font-164739&#8243; text_size=&#8220;fontsize-141602&#8243; text_weight=&#8220;300&#8243; text_transform=&#8220;uppercase&#8220; el_class=&#8220;portfolio-heading&#8220; uncode_shortcode_id=&#8220;402902&#8243;]Kampagnen[\/vc_custom_heading][vc_custom_heading heading_semantic=&#8220;p&#8220; text_font=&#8220;font-175017&#8243; text_size=&#8220;fontsize-131472&#8243; text_weight=&#8220;300&#8243; text_height=&#8220;fontheight-109813&#8243; uncode_shortcode_id=&#8220;121534&#8243;]Marketing im Retail ist nach wie vor ein wichtiger Umsatztreiber. Wir heben Ihre Einzelhandelskampagnen auf die n\u00e4chste Stufe, indem wir bei jedem Schritt der Kampagne einen nachhaltigen Ansatz verfolgen.[\/vc_custom_heading][vc_custom_heading heading_semantic=&#8220;p&#8220; text_font=&#8220;font-175017&#8243; text_size=&#8220;fontsize-131472&#8243; text_weight=&#8220;300&#8243; text_height=&#8220;fontheight-109813&#8243; uncode_shortcode_id=&#8220;151479&#8243;]Warum? Weil umweltbewusste Produkte allein nicht mehr ausreichen. Um Ihr Markenversprechen zu erf\u00fcllen, m\u00fcssen sie auch in einem nachhaltigen Umfeld pr\u00e4sentiert werden. LIGANOVA f\u00fcgt dem Retail-Marketing eine neue, verantwortungsbewusste Ebene hinzu. Durch die Einf\u00fchrung einer Reihe von Instrumenten und Ma\u00dfnahmen entlang der Wertsch\u00f6pfungskette und die Reduzierung des CO2-Fu\u00dfabdrucks des Projekts bei gleichzeitiger Kostenkontrolle maximieren wir die Wirkung Ihrer Marke.[\/vc_custom_heading][\/vc_column_inner][vc_column_inner column_width_percent=&#8220;100&#8243; gutter_size=&#8220;3&#8243; overlay_alpha=&#8220;50&#8243; shift_x=&#8220;0&#8243; shift_y=&#8220;0&#8243; shift_y_down=&#8220;0&#8243; z_index=&#8220;0&#8243; medium_width=&#8220;4&#8243; mobile_width=&#8220;0&#8243; width=&#8220;1\/2&#8243;][vc_single_image media=&#8220;88081&#8243; media_width_percent=&#8220;90&#8243; media_ratio=&#8220;three-two&#8220; alignment=&#8220;right&#8220; uncode_shortcode_id=&#8220;197826&#8243;][\/vc_column_inner][\/vc_row_inner][vc_empty_space empty_h=&#8220;2&#8243;][vc_row_inner row_inner_height_percent=&#8220;0&#8243; overlay_alpha=&#8220;50&#8243; gutter_size=&#8220;3&#8243; shift_y=&#8220;0&#8243; z_index=&#8220;0&#8243; inverted_device_order=&#8220;yes&#8220; limit_content=&#8220;&#8220;][vc_column_inner column_width_percent=&#8220;100&#8243; gutter_size=&#8220;3&#8243; overlay_alpha=&#8220;50&#8243; shift_x=&#8220;0&#8243; shift_y=&#8220;0&#8243; shift_y_down=&#8220;0&#8243; z_index=&#8220;0&#8243; medium_width=&#8220;4&#8243; mobile_width=&#8220;0&#8243; width=&#8220;1\/2&#8243;][vc_single_image media=&#8220;95223&#8243; media_width_percent=&#8220;90&#8243; media_ratio=&#8220;three-two&#8220; uncode_shortcode_id=&#8220;103629&#8243;][\/vc_column_inner][vc_column_inner column_width_percent=&#8220;100&#8243; gutter_size=&#8220;2&#8243; overlay_alpha=&#8220;50&#8243; shift_x=&#8220;0&#8243; shift_y=&#8220;0&#8243; shift_y_down=&#8220;0&#8243; z_index=&#8220;0&#8243; medium_width=&#8220;4&#8243; mobile_width=&#8220;0&#8243; width=&#8220;1\/2&#8243; uncode_shortcode_id=&#8220;952170&#8243;][vc_custom_heading text_font=&#8220;font-164739&#8243; text_size=&#8220;fontsize-141602&#8243; text_weight=&#8220;300&#8243; text_transform=&#8220;uppercase&#8220; el_class=&#8220;portfolio-heading&#8220; uncode_shortcode_id=&#8220;261467&#8243;]Events[\/vc_custom_heading][vc_custom_heading heading_semantic=&#8220;p&#8220; text_font=&#8220;font-175017&#8243; text_size=&#8220;fontsize-131472&#8243; text_weight=&#8220;300&#8243; text_height=&#8220;fontheight-109813&#8243; uncode_shortcode_id=&#8220;172224&#8243;]Events bringen Menschen zusammen und schaffen einzigartige Verbindungen zwischen einer Marke und ihren Konsumenten. Wir von LIGANOVA glauben an die Magie von Live-Events. Wir vertrauen auf die Kraft, Menschen und Marken zusammenzubringen, unvergessliche Erlebnisse zu schaffen und Gemeinschaften aufzubauen.[\/vc_custom_heading][vc_custom_heading heading_semantic=&#8220;p&#8220; text_font=&#8220;font-175017&#8243; text_size=&#8220;fontsize-131472&#8243; text_weight=&#8220;300&#8243; text_height=&#8220;fontheight-109813&#8243; uncode_shortcode_id=&#8220;308079&#8243;]Als Antwort auf die Nachfrage nach nachhaltigen Events bietet LIGANOVA eine Reihe von Tools und Dienstleistungen entlang der Wertsch\u00f6pfungskette, die es Ihnen erm\u00f6glichen, den CO2-Fu\u00dfabdruck eines Events zu reduzieren, die Kosten zu managen und letztendlich ein herausragendes soziales, inklusives und nachhaltiges Live-Erlebnis zu bieten.[\/vc_custom_heading][\/vc_column_inner][\/vc_row_inner][vc_empty_space empty_h=&#8220;2&#8243;][vc_row_inner row_inner_height_percent=&#8220;0&#8243; overlay_alpha=&#8220;50&#8243; gutter_size=&#8220;3&#8243; shift_y=&#8220;0&#8243; z_index=&#8220;0&#8243; limit_content=&#8220;&#8220;][vc_column_inner column_width_percent=&#8220;100&#8243; gutter_size=&#8220;2&#8243; overlay_alpha=&#8220;50&#8243; shift_x=&#8220;0&#8243; shift_y=&#8220;0&#8243; shift_y_down=&#8220;0&#8243; z_index=&#8220;0&#8243; medium_width=&#8220;4&#8243; mobile_width=&#8220;0&#8243; width=&#8220;1\/2&#8243; uncode_shortcode_id=&#8220;199555&#8243;][vc_custom_heading text_font=&#8220;font-164739&#8243; text_size=&#8220;fontsize-141602&#8243; text_weight=&#8220;300&#8243; text_transform=&#8220;uppercase&#8220; el_class=&#8220;portfolio-heading&#8220; uncode_shortcode_id=&#8220;199778&#8243;]Green Gen Calculator[\/vc_custom_heading][vc_custom_heading heading_semantic=&#8220;p&#8220; text_font=&#8220;font-175017&#8243; text_size=&#8220;fontsize-131472&#8243; text_weight=&#8220;300&#8243; text_height=&#8220;fontheight-109813&#8243; uncode_shortcode_id=&#8220;123141&#8243;]Unser Ansatz ist datenbasiert, branchenspezifisch und effizient und erm\u00f6glicht es Kunden, ihre CO2-Produktion und -Reduktion f\u00fcr spezifische Projekte zu verwalten. Der Green Gen Calculator hat sich aus jahrelanger Zusammenarbeit mit unseren Kunden und unserem Streben nach zuverl\u00e4ssigen Daten entwickelt und ist zu einem eigenst\u00e4ndigen Produkt geworden, das von Kollegen und Kunden genutzt werden kann.[\/vc_custom_heading][vc_button radius=&#8220;btn-square&#8220; border_animation=&#8220;btn-ripple-out&#8220; hover_fx=&#8220;outlined&#8220; outline=&#8220;yes&#8220; custom_typo=&#8220;yes&#8220; font_family=&#8220;font-175017&#8243; font_weight=&#8220;300&#8243; letter_spacing=&#8220;fontspace-143559&#8243; border_width=&#8220;0&#8243; link=&#8220;url:https%3A%2F%2Fgreengen-calculator.com%2F|title:Green%20Gen%20Calculator|target:_blank|&#8220; uncode_shortcode_id=&#8220;177604&#8243;]Sieh selbst[\/vc_button][\/vc_column_inner][vc_column_inner column_width_percent=&#8220;100&#8243; gutter_size=&#8220;3&#8243; overlay_alpha=&#8220;50&#8243; shift_x=&#8220;0&#8243; shift_y=&#8220;0&#8243; shift_y_down=&#8220;0&#8243; z_index=&#8220;0&#8243; medium_width=&#8220;4&#8243; mobile_width=&#8220;0&#8243; width=&#8220;1\/2&#8243;][vc_single_image media=&#8220;131648&#8243; media_width_percent=&#8220;90&#8243; media_ratio=&#8220;three-two&#8220; alignment=&#8220;right&#8220; uncode_shortcode_id=&#8220;671157&#8243;][\/vc_column_inner][\/vc_row_inner][vc_empty_space empty_h=&#8220;2&#8243;][vc_row_inner row_inner_height_percent=&#8220;0&#8243; overlay_alpha=&#8220;50&#8243; gutter_size=&#8220;3&#8243; shift_y=&#8220;0&#8243; z_index=&#8220;0&#8243; inverted_device_order=&#8220;yes&#8220; limit_content=&#8220;&#8220;][vc_column_inner column_width_percent=&#8220;100&#8243; gutter_size=&#8220;3&#8243; overlay_alpha=&#8220;50&#8243; shift_x=&#8220;0&#8243; shift_y=&#8220;0&#8243; shift_y_down=&#8220;0&#8243; z_index=&#8220;0&#8243; medium_width=&#8220;4&#8243; mobile_width=&#8220;0&#8243; width=&#8220;1\/2&#8243;][vc_single_image media=&#8220;132571&#8243; media_width_percent=&#8220;90&#8243; media_ratio=&#8220;three-two&#8220; uncode_shortcode_id=&#8220;302804&#8243;][\/vc_column_inner][vc_column_inner column_width_percent=&#8220;100&#8243; gutter_size=&#8220;2&#8243; overlay_alpha=&#8220;50&#8243; shift_x=&#8220;0&#8243; shift_y=&#8220;0&#8243; shift_y_down=&#8220;0&#8243; z_index=&#8220;0&#8243; medium_width=&#8220;4&#8243; mobile_width=&#8220;0&#8243; width=&#8220;1\/2&#8243; uncode_shortcode_id=&#8220;952170&#8243;][vc_custom_heading text_font=&#8220;font-164739&#8243; text_size=&#8220;fontsize-141602&#8243; text_weight=&#8220;300&#8243; text_transform=&#8220;uppercase&#8220; el_class=&#8220;portfolio-heading&#8220; uncode_shortcode_id=&#8220;170527&#8243;]Code of Conduct[\/vc_custom_heading][vc_custom_heading heading_semantic=&#8220;p&#8220; text_font=&#8220;font-175017&#8243; text_size=&#8220;fontsize-131472&#8243; text_weight=&#8220;300&#8243; text_height=&#8220;fontheight-109813&#8243; uncode_shortcode_id=&#8220;124417&#8243;]Wir st\u00e4rken unsere nachhaltigen Bem\u00fchungen durch ein solides Fundament und ein enges Netzwerk &#8211; als Unterzeichner, Teilnehmer, Partner und Branchenvertreter, um die h\u00f6chsten ESG-Standards zu wahren. Unser Engagement erstreckt sich auf die Einhaltung h\u00f6chster sozialer Standards, wirtschaftlicher Kriterien und Verhaltensrichtlinien, die alle auf der Einhaltung und Achtung der Menschenrechte und der Kernarbeitsnormen der IAO beruhen.[\/vc_custom_heading][vc_button radius=&#8220;btn-square&#8220; border_animation=&#8220;btn-ripple-out&#8220; hover_fx=&#8220;outlined&#8220; outline=&#8220;yes&#8220; custom_typo=&#8220;yes&#8220; font_family=&#8220;font-175017&#8243; font_weight=&#8220;300&#8243; letter_spacing=&#8220;fontspace-143559&#8243; border_width=&#8220;0&#8243; link=&#8220;url:https%3A%2F%2Fliganova.com%2Fde%2Fcode-of-conduct%2F|title:Code%20of%20conduct|target:_blank|&#8220; uncode_shortcode_id=&#8220;469586&#8243;]Mehr erfahren[\/vc_button][\/vc_column_inner][\/vc_row_inner][\/vc_column][\/vc_row][vc_row][vc_column width=&#8220;1\/1&#8243;][uncode_block id=&#8220;131676&#8243;][\/vc_column][\/vc_row]<\/p>\n<\/div>","protected":false},"excerpt":{"rendered":"<p>[vc_row unlock_row_content=&#8220;yes&#8220; row_height_percent=&#8220;0&#8243; overlay_alpha=&#8220;50&#8243; gutter_size=&#8220;3&#8243; column_width_percent=&#8220;100&#8243; shift_y=&#8220;0&#8243; z_index=&#8220;1&#8243; medium_visibility=&#8220;yes&#8220; mobile_visibility=&#8220;yes&#8220; el_class=&#8220;sticky-header&#8220;][vc_column column_width_percent=&#8220;100&#8243; position_vertical=&#8220;middle&#8220; gutter_size=&#8220;3&#8243; overlay_alpha=&#8220;50&#8243; shift_x=&#8220;0&#8243; shift_y=&#8220;0&#8243; shift_y_down=&#8220;0&#8243; z_index=&#8220;0&#8243; medium_visibility=&#8220;yes&#8220; [&hellip;]<\/p>\n","protected":false},"author":18,"featured_media":0,"parent":0,"menu_order":0,"comment_status":"closed","ping_status":"closed","template":"","meta":{"om_disable_all_campaigns":false,"footnotes":""},"class_list":["post-132200","page","type-page","status-publish","hentry"],"_links":{"self":[{"href":"https:\/\/liganova.com\/de\/wp-json\/wp\/v2\/pages\/132200","targetHints":{"allow":["GET"]}}],"collection":[{"href":"https:\/\/liganova.com\/de\/wp-json\/wp\/v2\/pages"}],"about":[{"href":"https:\/\/liganova.com\/de\/wp-json\/wp\/v2\/types\/page"}],"author":[{"embeddable":true,"href":"https:\/\/liganova.com\/de\/wp-json\/wp\/v2\/users\/18"}],"replies":[{"embeddable":true,"href":"https:\/\/liganova.com\/de\/wp-json\/wp\/v2\/comments?post=132200"}],"version-history":[{"count":6,"href":"https:\/\/liganova.com\/de\/wp-json\/wp\/v2\/pages\/132200\/revisions"}],"predecessor-version":[{"id":132579,"href":"https:\/\/liganova.com\/de\/wp-json\/wp\/v2\/pages\/132200\/revisions\/132579"}],"wp:attachment":[{"href":"https:\/\/liganova.com\/de\/wp-json\/wp\/v2\/media?parent=132200"}],"curies":[{"name":"wp","href":"https:\/\/api.w.org\/{rel}","templated":true}]}}